{"id":44,"date":"2014-03-23T20:47:48","date_gmt":"2014-03-23T20:47:48","guid":{"rendered":"http:\/\/oficiaismar.pt\/?page_id=44"},"modified":"2023-03-28T17:04:08","modified_gmt":"2023-03-28T16:04:08","slug":"links","status":"publish","type":"page","link":"https:\/\/www.oficiaismar.pt\/?page_id=44","title":{"rendered":"GLOSS\u00c1RIO N\u00c1UTICO"},"content":{"rendered":"<p>EDI\u00c7\u00c3O REVISTA\/2020<\/p>\n<p>O OFICIAISMAR publicou um gloss\u00e1rio n\u00e1utico em livro, em dezembro\/2015, tendo sido o mesmo adquirido por colegas associados, por outros profissionais do sector mar\u00edtimo e pela n\u00e1utica de recreio.<\/p>\n<p>Decorridos cinco anos desde essa iniciativa, a Dire\u00e7\u00e3o decidiu facultar em vers\u00e3o digital, na sua p\u00e1gina da internet, uma nova edi\u00e7\u00e3o revista para consulta, em formato pdf.<\/p>\n<p><a href=\"https:\/\/www.oficiaismar.pt\/wp-content\/uploads\/2023\/03\/GlossarioNautico-Revisto-23Jul2020.pdf\">Gloss\u00e1rio N\u00e1utico Revisto Julho 2020<\/a><\/p>\n<p><em>A\u00a0 Nautical Glossary was published by the OFICIAISMAR, on December\/2015, and it was acquired by affiliated colleagues, by other professionals of the maritime industry and by the yachting. \u00a0<\/em><\/p>\n<p><em>After five years since that initiative, was decided by the Board of Directors to provide a digital version, on its internet page, of a new revised edition for consultation in pdf.<\/em><\/p>\n<p><a href=\"https:\/\/www.oficiaismar.pt\/wp-content\/uploads\/2023\/03\/GlossarioNautico-Revisto-23Jul2020.pdf\">Nautical Glossary July2020<\/a><\/p>\n","protected":false},"excerpt":{"rendered":"<p>EDI\u00c7\u00c3O REVISTA\/2020 O OFICIAISMAR publicou um gloss\u00e1rio n\u00e1utico em livro, em dezembro\/2015, tendo sido o mesmo adquirido por colegas associados, por outros profissionais do sector mar\u00edtimo e pela n\u00e1utica de recreio. Decorridos cinco anos desde essa iniciativa, a Dire\u00e7\u00e3o decidiu facultar em vers\u00e3o digital, na sua p\u00e1gina da internet, uma nova edi\u00e7\u00e3o revista para consulta, &hellip; <a href=\"https:\/\/www.oficiaismar.pt\/?page_id=44\" class=\"more-link\">Continuar a ler<span class=\"screen-reader-text\">GLOSS\u00c1RIO N\u00c1UTICO<\/span> <span class=\"meta-nav\">&rarr;<\/span><\/a><\/p>\n","protected":false},"author":2,"featured_media":0,"parent":0,"menu_order":16,"comment_status":"closed","ping_status":"closed","template":"","meta":{"footnotes":""},"class_list":["post-44","page","type-page","status-publish","hentry"],"_links":{"self":[{"href":"https:\/\/www.oficiaismar.pt\/index.php?rest_route=\/wp\/v2\/pages\/44","targetHints":{"allow":["GET"]}}],"collection":[{"href":"https:\/\/www.oficiaismar.pt\/index.php?rest_route=\/wp\/v2\/pages"}],"about":[{"href":"https:\/\/www.oficiaismar.pt\/index.php?rest_route=\/wp\/v2\/types\/page"}],"author":[{"embeddable":true,"href":"https:\/\/www.oficiaismar.pt\/index.php?rest_route=\/wp\/v2\/users\/2"}],"replies":[{"embeddable":true,"href":"https:\/\/www.oficiaismar.pt\/index.php?rest_route=%2Fwp%2Fv2%2Fcomments&post=44"}],"version-history":[{"count":6,"href":"https:\/\/www.oficiaismar.pt\/index.php?rest_route=\/wp\/v2\/pages\/44\/revisions"}],"predecessor-version":[{"id":189,"href":"https:\/\/www.oficiaismar.pt\/index.php?rest_route=\/wp\/v2\/pages\/44\/revisions\/189"}],"wp:attachment":[{"href":"https:\/\/www.oficiaismar.pt\/index.php?rest_route=%2Fwp%2Fv2%2Fmedia&parent=44"}],"curies":[{"name":"wp","href":"https:\/\/api.w.org\/{rel}","templated":true}]}}