{"id":42,"date":"2014-03-23T20:47:05","date_gmt":"2014-03-23T20:47:05","guid":{"rendered":"http:\/\/oficiaismar.pt\/?page_id=42"},"modified":"2022-09-25T22:44:11","modified_gmt":"2022-09-25T21:44:11","slug":"2014-2","status":"publish","type":"page","link":"https:\/\/www.oficiaismar.pt\/?page_id=42","title":{"rendered":"2014"},"content":{"rendered":"<p>OFICIAISMAR celebra 105 anos<br \/>\nAlmo\u00e7o-conv\u00edvio junta dirigentes, associados e amigos<\/p>\n<p>Como vem sendo tradi\u00e7\u00e3o, o anivers\u00e1rio do OFICIAISMAR foi o pretexto para mais um encontro de profissionais e amigos do Sindicato que este ano decorreu em Aveiro no restaurante Ab\u00edlio-Marques.<\/p>\n<p>Neste dia 11 de maio, cerca de quarenta participantes aderiram com a sua presen\u00e7a, convivendo durante largas horas, lembrando hist\u00f3rias passadas em comum e tendo sempre presente a situa\u00e7\u00e3o atual nos sectores representados pelo OFICIAISMAR.<\/p>\n<p>Em nome dos Corpos Gerentes, dirigiu-se aos presentes o dirigente Sousa Coutinho, lembrando o caminho percorrido, a mem\u00f3ria dos Homens que nos antecederam, enaltecendo o trabalho volunt\u00e1rio dos respons\u00e1veis de hoje pelo Sindicato numa vontade de se ultrapassar problemas e dificuldades que se nos v\u00e3o deparando.<\/p>\n<p>A Dire\u00e7\u00e3o homenageou os associados Ant\u00f3nio Machado Saraiva e Paulo Maria Miguel Fl\u00f3rido Guedes Costa com uma pequena lembran\u00e7a pelos seus 50 anos de filia\u00e7\u00e3o.<\/p>\n<p>Ap\u00f3s o almo\u00e7o-conv\u00edvio, o OFICIAISMAR presenteou os participantes neste evento com uma visita guiada ao Museu Mar\u00edtimo de \u00cdlhavo e Aqu\u00e1rio dos Bacalhaus.<\/p>\n<p><em>Alguns momentos captados pelas objetivas dos nossos fot\u00f3grafos<br \/>\ndurante o evento<\/em><\/p>\n<div id=\"gallery-1\">\n<dl>\n<dt><a href=\"https:\/\/www.oficiaismar.pt\/?attachment_id=177\"><img loading=\"lazy\" decoding=\"async\" alt=\"Almo\u00e7oOficiaismarAveiro11Maio2014-01\" src=\"https:\/\/www.oficiaismar.pt\/wp-content\/uploads\/2014\/03\/Almo%C3%A7oOficiaismar-Aveiro-11Maio2014-53-150x150.jpg\" width=\"150\" height=\"150\" \/><\/a><\/dt>\n<\/dl>\n<dl>\n<dt><a href=\"https:\/\/www.oficiaismar.pt\/?attachment_id=176\"><img loading=\"lazy\" decoding=\"async\" alt=\"Almo\u00e7oOficiaismarAveiro11Maio2014-02\" src=\"https:\/\/www.oficiaismar.pt\/wp-content\/uploads\/2014\/03\/Almo%C3%A7oOficiaismar-Aveiro-11Maio2014-29-150x150.jpg\" width=\"150\" height=\"150\" \/><\/a><\/dt>\n<\/dl>\n<dl>\n<dt><a href=\"https:\/\/www.oficiaismar.pt\/?attachment_id=178\"><img loading=\"lazy\" decoding=\"async\" alt=\"Almo\u00e7oOficiaismarAveiro11Maio2014-04\" src=\"https:\/\/www.oficiaismar.pt\/wp-content\/uploads\/2014\/03\/Almo%C3%A7oOficiaismar-Aveiro-11Maio2014-56-150x150.jpg\" width=\"150\" height=\"150\" \/><\/a><\/dt>\n<\/dl>\n<dl>\n<dt><a href=\"https:\/\/www.oficiaismar.pt\/?attachment_id=181\"><img loading=\"lazy\" decoding=\"async\" alt=\"Almo\u00e7oOficiaismarAveiro11Maio2014-05\" src=\"https:\/\/www.oficiaismar.pt\/wp-content\/uploads\/2014\/03\/Almo%C3%A7oOficiaismar-Aveiro-11Maio2014-83-150x150.jpg\" width=\"150\" height=\"150\" \/><\/a><\/dt>\n<\/dl>\n<dl>\n<dt><a href=\"https:\/\/www.oficiaismar.pt\/?attachment_id=175\"><img loading=\"lazy\" decoding=\"async\" alt=\"Almo\u00e7oOficiaismarAveiro11Maio2014-03\" src=\"https:\/\/www.oficiaismar.pt\/wp-content\/uploads\/2014\/03\/Almo%C3%A7oOficiaismar-Aveiro-11Maio2014-19-150x150.jpg\" width=\"150\" height=\"150\" \/><\/a><\/dt>\n<\/dl>\n<dl>\n<dt><a href=\"https:\/\/www.oficiaismar.pt\/?attachment_id=179\"><img loading=\"lazy\" decoding=\"async\" alt=\"Almo\u00e7oOficiaismarAveiro11Maio2014-06\" src=\"https:\/\/www.oficiaismar.pt\/wp-content\/uploads\/2014\/03\/Almo%C3%A7oOficiaismar-Aveiro-11Maio2014-69-150x150.jpg\" width=\"150\" height=\"150\" \/><\/a><\/dt>\n<\/dl>\n<dl>\n<dt><a href=\"https:\/\/www.oficiaismar.pt\/?attachment_id=182\"><img loading=\"lazy\" decoding=\"async\" alt=\"Almo\u00e7oOficiaismarAveiro11Maio2014-07\" src=\"https:\/\/www.oficiaismar.pt\/wp-content\/uploads\/2014\/03\/Almo%C3%A7oOficiaismar-Aveiro-11Maio2014-85-150x150.jpg\" width=\"150\" height=\"150\" \/><\/a><\/dt>\n<\/dl>\n<dl>\n<dt><a href=\"https:\/\/www.oficiaismar.pt\/?attachment_id=180\"><img loading=\"lazy\" decoding=\"async\" alt=\"Almo\u00e7oOficiaismarAveiro11Maio2014-08\" src=\"https:\/\/www.oficiaismar.pt\/wp-content\/uploads\/2014\/03\/Almo%C3%A7oOficiaismar-Aveiro-11Maio2014-70-150x150.jpg\" width=\"150\" height=\"150\" \/><\/a><\/dt>\n<\/dl>\n<dl>\n<dt><a href=\"https:\/\/www.oficiaismar.pt\/?attachment_id=183\"><img loading=\"lazy\" decoding=\"async\" alt=\"Almo\u00e7oOficiaismarAveiro11Maio2014-09\" src=\"https:\/\/www.oficiaismar.pt\/wp-content\/uploads\/2014\/03\/Almo%C3%A7oOficiaismar-Aveiro-11Maio2014-87-150x150.jpg\" width=\"150\" height=\"150\" \/><\/a><\/dt>\n<\/dl>\n<dl>\n<dt><a href=\"https:\/\/www.oficiaismar.pt\/?attachment_id=184\"><img loading=\"lazy\" decoding=\"async\" alt=\"Almo\u00e7oOficiaismarAveiro11Maio2014-10\" src=\"https:\/\/www.oficiaismar.pt\/wp-content\/uploads\/2014\/03\/Almo%C3%A7oOficiaismar-Aveiro-11Maio2014-107-150x150.jpg\" width=\"150\" height=\"150\" \/><\/a><\/dt>\n<\/dl>\n<dl>\n<dt><a href=\"https:\/\/www.oficiaismar.pt\/?attachment_id=185\"><img loading=\"lazy\" decoding=\"async\" alt=\"Almo\u00e7oOficiaismarAveiro11Maio2014-12\" src=\"https:\/\/www.oficiaismar.pt\/wp-content\/uploads\/2014\/03\/Almo%C3%A7oOficiaismar-Aveiro-11Maio2014-113-150x150.jpg\" width=\"150\" height=\"150\" \/><\/a><\/dt>\n<\/dl>\n<dl>\n<dt><a href=\"https:\/\/www.oficiaismar.pt\/?attachment_id=186\"><img loading=\"lazy\" decoding=\"async\" alt=\"Almo\u00e7oOficiaismarAveiro11Maio2014-11\" src=\"https:\/\/www.oficiaismar.pt\/wp-content\/uploads\/2014\/03\/Almo%C3%A7oOficiaismar-Aveiro-11Maio2014-114-150x150.jpg\" width=\"150\" height=\"150\" \/><\/a><\/dt>\n<\/dl>\n<dl>\n<dt><a href=\"https:\/\/www.oficiaismar.pt\/?attachment_id=187\"><img loading=\"lazy\" decoding=\"async\" alt=\"Almo\u00e7oOficiaismarAveiro11Maio2014-15\" src=\"https:\/\/www.oficiaismar.pt\/wp-content\/uploads\/2014\/03\/Almo%C3%A7oOficiaismar-Aveiro-11Maio2014-133-150x150.jpg\" width=\"150\" height=\"150\" \/><\/a><\/dt>\n<\/dl>\n<dl>\n<dt><a href=\"https:\/\/www.oficiaismar.pt\/?attachment_id=188\"><img loading=\"lazy\" decoding=\"async\" alt=\"Almo\u00e7oOficiaismarAveiro11Maio2014-13\" src=\"https:\/\/www.oficiaismar.pt\/wp-content\/uploads\/2014\/03\/Almo%C3%A7oOficiaismar-Aveiro-11Maio2014-138-150x150.jpg\" width=\"150\" height=\"150\" \/><\/a><\/dt>\n<\/dl>\n<dl>\n<dt><a href=\"https:\/\/www.oficiaismar.pt\/?attachment_id=189\"><img loading=\"lazy\" decoding=\"async\" alt=\"Almo\u00e7oOficiaismarAveiro11Maio2014-14\" src=\"https:\/\/www.oficiaismar.pt\/wp-content\/uploads\/2014\/03\/Almo%C3%A7oOficiaismar-Aveiro-11Maio2014-143-150x150.jpg\" width=\"150\" height=\"150\" \/><\/a><\/dt>\n<\/dl>\n<\/div>\n","protected":false},"excerpt":{"rendered":"<p>OFICIAISMAR celebra 105 anos Almo\u00e7o-conv\u00edvio junta dirigentes, associados e amigos Como vem sendo tradi\u00e7\u00e3o, o anivers\u00e1rio do OFICIAISMAR foi o pretexto para mais um encontro de profissionais e amigos do Sindicato que este ano decorreu em Aveiro no restaurante Ab\u00edlio-Marques. Neste dia 11 de maio, cerca de quarenta participantes aderiram com a sua presen\u00e7a, convivendo &hellip; <a href=\"https:\/\/www.oficiaismar.pt\/?page_id=42\" class=\"more-link\">Continuar a ler<span class=\"screen-reader-text\">2014<\/span> <span class=\"meta-nav\">&rarr;<\/span><\/a><\/p>\n","protected":false},"author":2,"featured_media":0,"parent":38,"menu_order":15,"comment_status":"closed","ping_status":"closed","template":"","meta":{"footnotes":""},"class_list":["post-42","page","type-page","status-publish","hentry"],"_links":{"self":[{"href":"https:\/\/www.oficiaismar.pt\/index.php?rest_route=\/wp\/v2\/pages\/42","targetHints":{"allow":["GET"]}}],"collection":[{"href":"https:\/\/www.oficiaismar.pt\/index.php?rest_route=\/wp\/v2\/pages"}],"about":[{"href":"https:\/\/www.oficiaismar.pt\/index.php?rest_route=\/wp\/v2\/types\/page"}],"author":[{"embeddable":true,"href":"https:\/\/www.oficiaismar.pt\/index.php?rest_route=\/wp\/v2\/users\/2"}],"replies":[{"embeddable":true,"href":"https:\/\/www.oficiaismar.pt\/index.php?rest_route=%2Fwp%2Fv2%2Fcomments&post=42"}],"version-history":[{"count":3,"href":"https:\/\/www.oficiaismar.pt\/index.php?rest_route=\/wp\/v2\/pages\/42\/revisions"}],"predecessor-version":[{"id":155,"href":"https:\/\/www.oficiaismar.pt\/index.php?rest_route=\/wp\/v2\/pages\/42\/revisions\/155"}],"up":[{"embeddable":true,"href":"https:\/\/www.oficiaismar.pt\/index.php?rest_route=\/wp\/v2\/pages\/38"}],"wp:attachment":[{"href":"https:\/\/www.oficiaismar.pt\/index.php?rest_route=%2Fwp%2Fv2%2Fmedia&parent=42"}],"curies":[{"name":"wp","href":"https:\/\/api.w.org\/{rel}","templated":true}]}}