{"id":28,"date":"2014-03-23T20:41:48","date_gmt":"2014-03-23T20:41:48","guid":{"rendered":"http:\/\/oficiaismar.pt\/?page_id=28"},"modified":"2023-03-28T16:11:37","modified_gmt":"2023-03-28T15:11:37","slug":"conselho-fiscal","status":"publish","type":"page","link":"https:\/\/www.oficiaismar.pt\/?page_id=28","title":{"rendered":"Conselho Fiscal"},"content":{"rendered":"<p><strong>HUGOLINO JORGE CORREIA DA ROCHA<br \/>\n<\/strong>S\u00f3cio n.\u00ba A-2010<br \/>\nCapit\u00e3o de Marinha Mercante, Mutualista A\u00e7oreana, SA<\/p>\n<p><strong>JOS\u00c9 PAULO VIEIRA DA SILVA<br \/>\n<\/strong>S\u00f3cio n.\u00ba D-324<br \/>\nCapit\u00e3o de Marinha Mercante, reformado<\/p>\n<p><strong>LU\u00cdS FILIPE SILVA DA COSTA<br \/>\n<\/strong><span style=\"font-size: revert;\">S\u00f3cio n.\u00ba A-789<br \/>\n<\/span>Capit\u00e3o de Marinha Mercante, reformado<\/p>\n","protected":false},"excerpt":{"rendered":"<p>HUGOLINO JORGE CORREIA DA ROCHA S\u00f3cio n.\u00ba A-2010 Capit\u00e3o de Marinha Mercante, Mutualista A\u00e7oreana, SA JOS\u00c9 PAULO VIEIRA DA SILVA S\u00f3cio n.\u00ba D-324 Capit\u00e3o de Marinha Mercante, reformado LU\u00cdS FILIPE SILVA DA COSTA S\u00f3cio n.\u00ba A-789 Capit\u00e3o de Marinha Mercante, reformado<\/p>\n","protected":false},"author":2,"featured_media":0,"parent":19,"menu_order":8,"comment_status":"closed","ping_status":"closed","template":"","meta":{"footnotes":""},"class_list":["post-28","page","type-page","status-publish","hentry"],"_links":{"self":[{"href":"https:\/\/www.oficiaismar.pt\/index.php?rest_route=\/wp\/v2\/pages\/28","targetHints":{"allow":["GET"]}}],"collection":[{"href":"https:\/\/www.oficiaismar.pt\/index.php?rest_route=\/wp\/v2\/pages"}],"about":[{"href":"https:\/\/www.oficiaismar.pt\/index.php?rest_route=\/wp\/v2\/types\/page"}],"author":[{"embeddable":true,"href":"https:\/\/www.oficiaismar.pt\/index.php?rest_route=\/wp\/v2\/users\/2"}],"replies":[{"embeddable":true,"href":"https:\/\/www.oficiaismar.pt\/index.php?rest_route=%2Fwp%2Fv2%2Fcomments&post=28"}],"version-history":[{"count":4,"href":"https:\/\/www.oficiaismar.pt\/index.php?rest_route=\/wp\/v2\/pages\/28\/revisions"}],"predecessor-version":[{"id":173,"href":"https:\/\/www.oficiaismar.pt\/index.php?rest_route=\/wp\/v2\/pages\/28\/revisions\/173"}],"up":[{"embeddable":true,"href":"https:\/\/www.oficiaismar.pt\/index.php?rest_route=\/wp\/v2\/pages\/19"}],"wp:attachment":[{"href":"https:\/\/www.oficiaismar.pt\/index.php?rest_route=%2Fwp%2Fv2%2Fmedia&parent=28"}],"curies":[{"name":"wp","href":"https:\/\/api.w.org\/{rel}","templated":true}]}}