{"id":26,"date":"2014-03-23T20:41:00","date_gmt":"2014-03-23T20:41:00","guid":{"rendered":"http:\/\/oficiaismar.pt\/?page_id=26"},"modified":"2023-03-28T16:09:34","modified_gmt":"2023-03-28T15:09:34","slug":"direcao","status":"publish","type":"page","link":"https:\/\/www.oficiaismar.pt\/?page_id=26","title":{"rendered":"Dire\u00e7\u00e3o"},"content":{"rendered":"<p><strong>ARISTIDES MANUEL ROLO BICHO<br \/>\n<\/strong>S\u00f3cio n.\u00ba A-1522<br \/>\nPiloto de Barra e Portos, APL \u2013 Administra\u00e7\u00e3o do Porto de Lisboa, SA<\/p>\n<p><strong>CARLOS ALBERTO DE SOUSA COUTINHO<br \/>\n<\/strong>S\u00f3cio n.\u00ba A-737<br \/>\nProfessor, ENIDH \u2013 Escola Superior N\u00e1utica Infante D. Henrique<\/p>\n<p><strong>DANIEL CARDOSO MESTRE<br \/>\n<\/strong>S\u00f3cio n.\u00ba A-1987<br \/>\nProfessor, ENIDH \u2013 Escola Superior N\u00e1utica Infante D. Henrique<\/p>\n<p><strong>EDUARDO MANUEL NOGUEIRA CHAGAS<br \/>\n<\/strong>S\u00f3cio n.\u00ba A-1556<br \/>\nRadiot\u00e9cnico de 2.\u00aa Classe, desempregado<\/p>\n<p><strong>EM\u00cdDIO MANUEL R. VILARES DOS SANTOS<\/strong><strong> TORR\u00c3O<br \/>\n<\/strong>S\u00f3cio n.\u00ba A-2003<br \/>\nProfessor, ENIDH \u2013 Escola Superior N\u00e1utica Infante D. Henrique<\/p>\n<p><strong>GRACO VIEIRA LOUREN\u00c7O DA TRINDADE<br \/>\n<\/strong>S\u00f3cio n.\u00ba A-1826<br \/>\nPiloto de Barra e Portos, APSS \u2013 Administra\u00e7\u00e3o dos Portos de Set\u00fabal e Sesimbra, SA<\/p>\n<p><strong>JO\u00c3O CARLOS GOMES<\/strong><strong> FRADE<br \/>\n<\/strong>S\u00f3cio n.\u00ba A-1920<br \/>\nProfessor, ENIDH \u2013 Escola Superior N\u00e1utica Infante D. Henrique<\/p>\n<p><strong>JO\u00c3O CARLOS DA SILVA TAVARES GUERRA<br \/>\n<\/strong>S\u00f3cio n.\u00ba A-1728<br \/>\nPiloto de Barra e Portos, APS \u2013 Administra\u00e7\u00e3o dos Portos de Sines e do Algarve, SA<\/p>\n<p><strong>JOAQUIM PEDRO RIO TINTO VIANA DIOGO<br \/>\n<\/strong>S\u00f3cio n.\u00ba A-2001<br \/>\nPiloto de Barra e Portos, APDL \u2013 Administra\u00e7\u00e3o dos Portos de Douro, Leix\u00f5es e Viana do Castelo, SA<\/p>\n<p><strong>JORGE MANUEL AGOSTINHO MONTEIRO<br \/>\n<\/strong>S\u00f3cio n.\u00ba A-2015<br \/>\nPiloto de Barra e Portos, PA \u2013 Portos dos A\u00e7ores, SA<\/p>\n<p><strong>JOS\u00c9 LU\u00cdS VIEGAS LOPES<br \/>\n<\/strong>S\u00f3cio n.\u00ba A-2097<br \/>\nPiloto de Barra e Portos, APL \u2013 Administra\u00e7\u00e3o do Porto de Lisboa, SA<\/p>\n<p><strong>LU\u00cdS ADRIANO DE LEMOS CESARINY CALAFATE<br \/>\n<\/strong>S\u00f3cio n.\u00ba A-1282<br \/>\nCapit\u00e3o de Marinha Mercante, reformado<\/p>\n<p><strong>NUNO FILIPE FARIA GOUVEIA<br \/>\n<\/strong>S\u00f3cio n.\u00ba A-1910<br \/>\nPiloto de Barra e Portos, APSS \u2013 Administra\u00e7\u00e3o dos Portos de Set\u00fabal e Sesimbra, SA<\/p>\n<p><strong>PAULO MANUEL FERREIRA<\/strong><strong> CARRAJOLA<br \/>\n<\/strong>S\u00f3cio n.\u00ba A-1874<br \/>\nPiloto de Barra e Portos, APSS \u2013 Administra\u00e7\u00e3o dos Portos de Set\u00fabal e Sesimbra, SA<\/p>\n","protected":false},"excerpt":{"rendered":"<p>ARISTIDES MANUEL ROLO BICHO S\u00f3cio n.\u00ba A-1522 Piloto de Barra e Portos, APL \u2013 Administra\u00e7\u00e3o do Porto de Lisboa, SA CARLOS ALBERTO DE SOUSA COUTINHO S\u00f3cio n.\u00ba A-737 Professor, ENIDH \u2013 Escola Superior N\u00e1utica Infante D. Henrique DANIEL CARDOSO MESTRE S\u00f3cio n.\u00ba A-1987 Professor, ENIDH \u2013 Escola Superior N\u00e1utica Infante D. Henrique EDUARDO MANUEL NOGUEIRA &hellip; <a href=\"https:\/\/www.oficiaismar.pt\/?page_id=26\" class=\"more-link\">Continuar a ler<span class=\"screen-reader-text\">Dire\u00e7\u00e3o<\/span> <span class=\"meta-nav\">&rarr;<\/span><\/a><\/p>\n","protected":false},"author":2,"featured_media":0,"parent":19,"menu_order":7,"comment_status":"closed","ping_status":"closed","template":"","meta":{"footnotes":""},"class_list":["post-26","page","type-page","status-publish","hentry"],"_links":{"self":[{"href":"https:\/\/www.oficiaismar.pt\/index.php?rest_route=\/wp\/v2\/pages\/26","targetHints":{"allow":["GET"]}}],"collection":[{"href":"https:\/\/www.oficiaismar.pt\/index.php?rest_route=\/wp\/v2\/pages"}],"about":[{"href":"https:\/\/www.oficiaismar.pt\/index.php?rest_route=\/wp\/v2\/types\/page"}],"author":[{"embeddable":true,"href":"https:\/\/www.oficiaismar.pt\/index.php?rest_route=\/wp\/v2\/users\/2"}],"replies":[{"embeddable":true,"href":"https:\/\/www.oficiaismar.pt\/index.php?rest_route=%2Fwp%2Fv2%2Fcomments&post=26"}],"version-history":[{"count":4,"href":"https:\/\/www.oficiaismar.pt\/index.php?rest_route=\/wp\/v2\/pages\/26\/revisions"}],"predecessor-version":[{"id":171,"href":"https:\/\/www.oficiaismar.pt\/index.php?rest_route=\/wp\/v2\/pages\/26\/revisions\/171"}],"up":[{"embeddable":true,"href":"https:\/\/www.oficiaismar.pt\/index.php?rest_route=\/wp\/v2\/pages\/19"}],"wp:attachment":[{"href":"https:\/\/www.oficiaismar.pt\/index.php?rest_route=%2Fwp%2Fv2%2Fmedia&parent=26"}],"curies":[{"name":"wp","href":"https:\/\/api.w.org\/{rel}","templated":true}]}}