{"id":22,"date":"2014-03-23T20:34:55","date_gmt":"2014-03-23T20:34:55","guid":{"rendered":"http:\/\/oficiaismar.pt\/?page_id=22"},"modified":"2023-03-29T16:22:40","modified_gmt":"2023-03-29T15:22:40","slug":"assembleia-geral","status":"publish","type":"page","link":"https:\/\/www.oficiaismar.pt\/?page_id=22","title":{"rendered":"Assembleia-Geral"},"content":{"rendered":"<p><strong>ANT\u00d3NIO MACHADO SARAIVA<br \/>\n<\/strong>S\u00f3cio n.\u00ba A-512<br \/>\nCapit\u00e3o de Marinha Mercante, reformado<\/p>\n<p><strong>ANT\u00d3NIO LU\u00cdS PARREIRA FERA<br \/>\n<\/strong>S\u00f3cio n.\u00ba A-846<br \/>\nOficial de Marinha Mercante, reformado<\/p>\n<p><strong>PAULO MANUEL VIL\u00c3O DO BEM C\u00d3NEGO<br \/>\n<\/strong>S\u00f3cio n.\u00ba A-1972<br \/>\nPiloto de Barra e Portos, APA \u2013 Administra\u00e7\u00e3o do Porto de Aveiro, SA<\/p>\n<p><strong>PEDRO ANT\u00d3NIO MARTINS<br \/>\n<\/strong><span style=\"font-size: revert;\">S\u00f3cio n.\u00ba A-1921<br \/>\n<\/span>Oficial de Marinha Mercante<\/p>\n","protected":false},"excerpt":{"rendered":"<p>ANT\u00d3NIO MACHADO SARAIVA S\u00f3cio n.\u00ba A-512 Capit\u00e3o de Marinha Mercante, reformado ANT\u00d3NIO LU\u00cdS PARREIRA FERA S\u00f3cio n.\u00ba A-846 Oficial de Marinha Mercante, reformado PAULO MANUEL VIL\u00c3O DO BEM C\u00d3NEGO S\u00f3cio n.\u00ba A-1972 Piloto de Barra e Portos, APA \u2013 Administra\u00e7\u00e3o do Porto de Aveiro, SA PEDRO ANT\u00d3NIO MARTINS S\u00f3cio n.\u00ba A-1921 Oficial de Marinha Mercante<\/p>\n","protected":false},"author":2,"featured_media":0,"parent":19,"menu_order":6,"comment_status":"closed","ping_status":"closed","template":"","meta":{"footnotes":""},"class_list":["post-22","page","type-page","status-publish","hentry"],"_links":{"self":[{"href":"https:\/\/www.oficiaismar.pt\/index.php?rest_route=\/wp\/v2\/pages\/22","targetHints":{"allow":["GET"]}}],"collection":[{"href":"https:\/\/www.oficiaismar.pt\/index.php?rest_route=\/wp\/v2\/pages"}],"about":[{"href":"https:\/\/www.oficiaismar.pt\/index.php?rest_route=\/wp\/v2\/types\/page"}],"author":[{"embeddable":true,"href":"https:\/\/www.oficiaismar.pt\/index.php?rest_route=\/wp\/v2\/users\/2"}],"replies":[{"embeddable":true,"href":"https:\/\/www.oficiaismar.pt\/index.php?rest_route=%2Fwp%2Fv2%2Fcomments&post=22"}],"version-history":[{"count":8,"href":"https:\/\/www.oficiaismar.pt\/index.php?rest_route=\/wp\/v2\/pages\/22\/revisions"}],"predecessor-version":[{"id":190,"href":"https:\/\/www.oficiaismar.pt\/index.php?rest_route=\/wp\/v2\/pages\/22\/revisions\/190"}],"up":[{"embeddable":true,"href":"https:\/\/www.oficiaismar.pt\/index.php?rest_route=\/wp\/v2\/pages\/19"}],"wp:attachment":[{"href":"https:\/\/www.oficiaismar.pt\/index.php?rest_route=%2Fwp%2Fv2%2Fmedia&parent=22"}],"curies":[{"name":"wp","href":"https:\/\/api.w.org\/{rel}","templated":true}]}}