{"id":19,"date":"2014-03-23T20:32:51","date_gmt":"2014-03-23T20:32:51","guid":{"rendered":"http:\/\/oficiaismar.pt\/?page_id=19"},"modified":"2023-03-29T16:31:16","modified_gmt":"2023-03-29T15:31:16","slug":"corpos-gerentes","status":"publish","type":"page","link":"https:\/\/www.oficiaismar.pt\/?page_id=19","title":{"rendered":"Corpos Gerentes"},"content":{"rendered":"<p align=\"center\"><b>SINDICATO DOS CAPIT\u00c3ES, OFICIAIS PILOTOS, COMISS\u00c1RIOS E ENGENHEIROS DA MARINHA MERCANTE<\/b><b> \u2013 OFICIAISMAR<\/b><\/p>\n<p align=\"center\"><b>Mandato 2023\/2027<br \/>\n<\/b><\/p>\n<p align=\"center\"><strong>MESA DA ASSEMBLEIA-GERAL<\/strong><\/p>\n<p>ANT\u00d3NIO MACHADO SARAIVA<br \/>\nS\u00f3cio n.\u00ba A-512<br \/>\nCapit\u00e3o de Marinha Mercante, reformado<\/p>\n<p>ANT\u00d3NIO LU\u00cdS PARREIRA FERA<br \/>\nS\u00f3cio n.\u00ba A-846<br \/>\nOficial de Marinha Mercante, reformado<\/p>\n<p>PAULO MANUEL VIL\u00c3O DO BEM C\u00d3NEGO<br \/>\nS\u00f3cio n.\u00ba A-1972<br \/>\nPiloto de Barra e Portos, APA \u2013 Administra\u00e7\u00e3o do Porto de Aveiro, SA<\/p>\n<p>PEDRO ANT\u00d3NIO MARTINS<br \/>\nS\u00f3cio n.\u00ba A-1921<br \/>\nOficial de Marinha Mercante<\/p>\n<p style=\"text-align: center;\"><strong>CONSELHO FISCAL<\/strong><\/p>\n<p>HUGOLINO JORGE CORREIA DA ROCHA<br \/>\nS\u00f3cio n.\u00ba A-2010<br \/>\nCapit\u00e3o de Marinha Mercante, Mutualista A\u00e7oreana, SA<\/p>\n<p>JOS\u00c9 PAULO VIEIRA DA SILVA<br \/>\nS\u00f3cio n.\u00ba D-324<br \/>\nCapit\u00e3o de Marinha Mercante, reformado<\/p>\n<p>LU\u00cdS FILIPE SILVA DA COSTA<br \/>\nS\u00f3cio n.\u00ba A-789<br \/>\nCapit\u00e3o de Marinha Mercante, reformado<\/p>\n<p style=\"text-align: center;\"><strong>DIRE\u00c7\u00c3O<\/strong><\/p>\n<p>ARISTIDES MANUEL ROLO BICHO<br \/>\nS\u00f3cio n.\u00ba A-1522<br \/>\nPiloto de Barra e Portos, APL \u2013 Administra\u00e7\u00e3o do Porto de Lisboa, SA<\/p>\n<p>CARLOS ALBERTO DE SOUSA COUTINHO<br \/>\nS\u00f3cio n.\u00ba A-737<br \/>\nProfessor, ENIDH \u2013 Escola Superior N\u00e1utica Infante D. Henrique<\/p>\n<p>DANIEL CARDOSO MESTRE<br \/>\nS\u00f3cio n.\u00ba A-1987<br \/>\nProfessor, ENIDH \u2013 Escola Superior N\u00e1utica Infante D. Henrique<\/p>\n<p>EDUARDO MANUEL NOGUEIRA CHAGAS<br \/>\nS\u00f3cio n.\u00ba A-1556<br \/>\nRadiot\u00e9cnico de 2.\u00aa Classe, desempregado<\/p>\n<p>EM\u00cdDIO MANUEL R. VILARES DOS SANTOS TORR\u00c3O<br \/>\nS\u00f3cio n.\u00ba A-2003<br \/>\nProfessor, ENIDH \u2013 Escola Superior N\u00e1utica Infante D. Henrique<\/p>\n<p>GRACO VIEIRA LOUREN\u00c7O DA TRINDADE<br \/>\nS\u00f3cio n.\u00ba A-1826<br \/>\nPiloto de Barra e Portos, APSS \u2013 Administra\u00e7\u00e3o dos Portos de Set\u00fabal e Sesimbra, SA<\/p>\n<p>JO\u00c3O CARLOS GOMES FRADE<br \/>\nS\u00f3cio n.\u00ba A-1920<br \/>\nProfessor, ENIDH \u2013 Escola Superior N\u00e1utica Infante D. Henrique<\/p>\n<p>JO\u00c3O CARLOS DA SILVA TAVARES GUERRA<br \/>\nS\u00f3cio n.\u00ba A-1728<br \/>\nPiloto de Barra e Portos, APS \u2013 Administra\u00e7\u00e3o dos Portos de Sines e do Algarve, SA<\/p>\n<p>JOAQUIM PEDRO RIO TINTO VIANA DIOGO<br \/>\nS\u00f3cio n.\u00ba A-2001<br \/>\nPiloto de Barra e Portos, APDL \u2013 Administra\u00e7\u00e3o dos Portos de Douro, Leix\u00f5es e Viana do Castelo, SA<\/p>\n<p>JORGE MANUEL AGOSTINHO MONTEIRO<br \/>\nS\u00f3cio n.\u00ba A-2015<br \/>\nPiloto de Barra e Portos, PA \u2013 Portos dos A\u00e7ores, SA<\/p>\n<p>JOS\u00c9 LU\u00cdS VIEGAS LOPES<br \/>\nS\u00f3cio n.\u00ba A-2097<br \/>\nPiloto de Barra e Portos, APL \u2013 Administra\u00e7\u00e3o do Porto de Lisboa, SA<\/p>\n<p>LU\u00cdS ADRIANO DE LEMOS CESARINY CALAFATE<br \/>\nS\u00f3cio n.\u00ba A-1282<br \/>\nCapit\u00e3o de Marinha Mercante, reformado<\/p>\n<p>NUNO FILIPE FARIA GOUVEIA<br \/>\nS\u00f3cio n.\u00ba A-1910<br \/>\nPiloto de Barra e Portos, APSS \u2013 Administra\u00e7\u00e3o dos Portos de Set\u00fabal e Sesimbra, SA<\/p>\n<p>PAULO MANUEL FERREIRA CARRAJOLA<br \/>\nS\u00f3cio n.\u00ba A-1874<br \/>\nPiloto de Barra e Portos, APSS \u2013 Administra\u00e7\u00e3o dos Portos de Set\u00fabal e Sesimbra, SA<\/p>\n","protected":false},"excerpt":{"rendered":"<p>SINDICATO DOS CAPIT\u00c3ES, OFICIAIS PILOTOS, COMISS\u00c1RIOS E ENGENHEIROS DA MARINHA MERCANTE \u2013 OFICIAISMAR Mandato 2023\/2027 MESA DA ASSEMBLEIA-GERAL ANT\u00d3NIO MACHADO SARAIVA S\u00f3cio n.\u00ba A-512 Capit\u00e3o de Marinha Mercante, reformado ANT\u00d3NIO LU\u00cdS PARREIRA FERA S\u00f3cio n.\u00ba A-846 Oficial de Marinha Mercante, reformado PAULO MANUEL VIL\u00c3O DO BEM C\u00d3NEGO S\u00f3cio n.\u00ba A-1972 Piloto de Barra e Portos, &hellip; <a href=\"https:\/\/www.oficiaismar.pt\/?page_id=19\" class=\"more-link\">Continuar a ler<span class=\"screen-reader-text\">Corpos Gerentes<\/span> <span class=\"meta-nav\">&rarr;<\/span><\/a><\/p>\n","protected":false},"author":2,"featured_media":0,"parent":13,"menu_order":5,"comment_status":"closed","ping_status":"closed","template":"","meta":{"footnotes":""},"class_list":["post-19","page","type-page","status-publish","hentry"],"_links":{"self":[{"href":"https:\/\/www.oficiaismar.pt\/index.php?rest_route=\/wp\/v2\/pages\/19","targetHints":{"allow":["GET"]}}],"collection":[{"href":"https:\/\/www.oficiaismar.pt\/index.php?rest_route=\/wp\/v2\/pages"}],"about":[{"href":"https:\/\/www.oficiaismar.pt\/index.php?rest_route=\/wp\/v2\/types\/page"}],"author":[{"embeddable":true,"href":"https:\/\/www.oficiaismar.pt\/index.php?rest_route=\/wp\/v2\/users\/2"}],"replies":[{"embeddable":true,"href":"https:\/\/www.oficiaismar.pt\/index.php?rest_route=%2Fwp%2Fv2%2Fcomments&post=19"}],"version-history":[{"count":5,"href":"https:\/\/www.oficiaismar.pt\/index.php?rest_route=\/wp\/v2\/pages\/19\/revisions"}],"predecessor-version":[{"id":192,"href":"https:\/\/www.oficiaismar.pt\/index.php?rest_route=\/wp\/v2\/pages\/19\/revisions\/192"}],"up":[{"embeddable":true,"href":"https:\/\/www.oficiaismar.pt\/index.php?rest_route=\/wp\/v2\/pages\/13"}],"wp:attachment":[{"href":"https:\/\/www.oficiaismar.pt\/index.php?rest_route=%2Fwp%2Fv2%2Fmedia&parent=19"}],"curies":[{"name":"wp","href":"https:\/\/api.w.org\/{rel}","templated":true}]}}