{"id":13,"date":"2014-03-23T20:24:37","date_gmt":"2014-03-23T20:24:37","guid":{"rendered":"http:\/\/oficiaismar.pt\/?page_id=13"},"modified":"2014-04-04T15:51:19","modified_gmt":"2014-04-04T14:51:19","slug":"o-sindicato","status":"publish","type":"page","link":"https:\/\/www.oficiaismar.pt\/","title":{"rendered":"O Sindicato"},"content":{"rendered":"<p style=\"text-align: justify;\">O OFICIAISMAR \u00e9 uma associa\u00e7\u00e3o sindical que abrange os trabalhadores da Marinha Mercante e outros, habilitados com curso ministrado em estabelecimento de Ensino Superior N\u00e1utico e ainda os que sejam detentores de habilita\u00e7\u00f5es legalmente equivalentes.<\/p>\n<p style=\"text-align: justify;\">O Sindicato dos Capit\u00e3es, Oficiais Pilotos, Comiss\u00e1rios e Engenheiros da Marinha Mercante \u2013 OFICIAISMAR deriva da antiga Liga dos Officiaes de Marinha Mercante, fundada em 19 de abril de 1909, do Sindicato Nacional dos Capit\u00e3es, Oficiais N\u00e1uticos e Comiss\u00e1rios da Marinha Mercante e do Sindicato dos Capit\u00e3es, Oficiais Pilotos, Comiss\u00e1rios e Radiot\u00e9cnicos da Marinha Mercante.<\/p>\n","protected":false},"excerpt":{"rendered":"<p>O OFICIAISMAR \u00e9 uma associa\u00e7\u00e3o sindical que abrange os trabalhadores da Marinha Mercante e outros, habilitados com curso ministrado em estabelecimento de Ensino Superior N\u00e1utico e ainda os que sejam detentores de habilita\u00e7\u00f5es legalmente equivalentes. O Sindicato dos Capit\u00e3es, Oficiais Pilotos, Comiss\u00e1rios e Engenheiros da Marinha Mercante \u2013 OFICIAISMAR deriva da antiga Liga dos Officiaes &hellip; <a href=\"https:\/\/www.oficiaismar.pt\/\" class=\"more-link\">Continuar a ler<span class=\"screen-reader-text\">O Sindicato<\/span> <span class=\"meta-nav\">&rarr;<\/span><\/a><\/p>\n","protected":false},"author":2,"featured_media":0,"parent":0,"menu_order":2,"comment_status":"closed","ping_status":"closed","template":"","meta":{"footnotes":""},"class_list":["post-13","page","type-page","status-publish","hentry"],"_links":{"self":[{"href":"https:\/\/www.oficiaismar.pt\/index.php?rest_route=\/wp\/v2\/pages\/13","targetHints":{"allow":["GET"]}}],"collection":[{"href":"https:\/\/www.oficiaismar.pt\/index.php?rest_route=\/wp\/v2\/pages"}],"about":[{"href":"https:\/\/www.oficiaismar.pt\/index.php?rest_route=\/wp\/v2\/types\/page"}],"author":[{"embeddable":true,"href":"https:\/\/www.oficiaismar.pt\/index.php?rest_route=\/wp\/v2\/users\/2"}],"replies":[{"embeddable":true,"href":"https:\/\/www.oficiaismar.pt\/index.php?rest_route=%2Fwp%2Fv2%2Fcomments&post=13"}],"version-history":[{"count":3,"href":"https:\/\/www.oficiaismar.pt\/index.php?rest_route=\/wp\/v2\/pages\/13\/revisions"}],"predecessor-version":[{"id":95,"href":"https:\/\/www.oficiaismar.pt\/index.php?rest_route=\/wp\/v2\/pages\/13\/revisions\/95"}],"wp:attachment":[{"href":"https:\/\/www.oficiaismar.pt\/index.php?rest_route=%2Fwp%2Fv2%2Fmedia&parent=13"}],"curies":[{"name":"wp","href":"https:\/\/api.w.org\/{rel}","templated":true}]}}